{"id":4445,"date":"2022-10-06T13:12:55","date_gmt":"2022-10-06T13:12:55","guid":{"rendered":"https:\/\/prixvillegiatu.wpengine.com\/mentions-legales\/"},"modified":"2022-10-10T15:35:23","modified_gmt":"2022-10-10T15:35:23","slug":"legal-notice","status":"publish","type":"page","link":"https:\/\/www.prix-villegiature.com\/en\/legal-notice\/","title":{"rendered":"Legal notice"},"content":{"rendered":"<p><strong>Informations de l&#8217;\u00e9tablissement:<\/strong><\/p>\n<p><strong>SORELL<\/strong><br \/>\n22, rue Emeriau<\/p>\n<p>75015 Paris &#8211; France<\/p>\n<p>+33 145796791<\/p>\n<p><a href=\"mailto:information@prix-villegiature.com\">information@prix-villegiature.com<\/a><\/p>\n<p>&nbsp;<\/p>\n<p><strong>Conception et d\u00e9veloppement du site:<\/strong><br \/>\nwww.d-edge.com<br \/>\nAdresse postale : 66 rue des archives 75003 Paris<br \/>\nT\u00e9l\u00e9phone : +33 1 44 71 05 05<br \/>\nSIREN : 431 513 852<\/p>\n<p>&nbsp;<\/p>\n<p><strong>H\u00e9bergement Web:<\/strong><br \/>\nWPEngine, Inc.<br \/>\nIrongate House, 22-30 Duke\u2019s Place<br \/>\nLondon, EC3A 7LP, United Kingdom<br \/>\nT\u00e9l\u00e9phone: 08 00 50 53 049<\/p>\n","protected":false},"excerpt":{"rendered":"<p>Informations de l&#8217;\u00e9tablissement: SORELL 22, rue Emeriau 75015 Paris &#8211; France +33 145796791 information@prix-villegiature.com &nbsp; Conception et d\u00e9veloppement du site: www.d-edge.com Adresse postale : 66 rue des archives 75003 Paris T\u00e9l\u00e9phone : +33 1 44 71 05 05 SIREN : 431 513 852 &nbsp; H\u00e9bergement Web: WPEngine, Inc. Irongate House, 22-30 Duke\u2019s Place London, EC3A [&hellip;]<\/p>\n","protected":false},"author":41,"featured_media":0,"parent":0,"menu_order":290,"comment_status":"closed","ping_status":"closed","template":"","meta":{"footnotes":""},"acf":[],"yoast_head":"<!-- This site is optimized with the Yoast SEO plugin v22.4 - https:\/\/yoast.com\/wordpress\/plugins\/seo\/ -->\n<title>Legal notice - Prix Villegiature<\/title>\n<meta name=\"description\" content=\"Informations de l&#039;\u00e9tablissement: SORELL 22, rue Emeriau 75015 Paris - France +33 145796791 information@prix-villegiature.com &nbsp; Conception et\" \/>\n<meta name=\"robots\" content=\"index, follow, max-snippet:-1, max-image-preview:large, max-video-preview:-1\" \/>\n<link rel=\"canonical\" href=\"https:\/\/www.prix-villegiature.com\/en\/legal-notice\/\" \/>\n<meta property=\"og:locale\" content=\"en_US\" \/>\n<meta property=\"og:type\" content=\"article\" \/>\n<meta property=\"og:title\" content=\"Legal notice - Prix Villegiature\" \/>\n<meta property=\"og:description\" content=\"Informations de l&#039;\u00e9tablissement: SORELL 22, rue Emeriau 75015 Paris - France +33 145796791 information@prix-villegiature.com &nbsp; Conception et\" \/>\n<meta property=\"og:url\" content=\"https:\/\/www.prix-villegiature.com\/en\/legal-notice\/\" \/>\n<meta property=\"og:site_name\" content=\"Prix Villegiature\" \/>\n<meta property=\"article:publisher\" content=\"https:\/\/www.facebook.com\/Villegiatureawards\/\" \/>\n<meta property=\"article:modified_time\" content=\"2022-10-10T15:35:23+00:00\" \/>\n<meta name=\"twitter:card\" content=\"summary_large_image\" \/>\n<meta name=\"twitter:site\" content=\"@remyLeL\" \/>\n<meta name=\"twitter:label1\" content=\"Est. reading time\" \/>\n\t<meta name=\"twitter:data1\" content=\"1 minute\" \/>\n<script type=\"application\/ld+json\" class=\"yoast-schema-graph\">{\"@context\":\"https:\/\/schema.org\",\"@graph\":[{\"@type\":\"WebPage\",\"@id\":\"https:\/\/www.prix-villegiature.com\/en\/legal-notice\/\",\"url\":\"https:\/\/www.prix-villegiature.com\/en\/legal-notice\/\",\"name\":\"Legal notice - Prix Villegiature\",\"isPartOf\":{\"@id\":\"https:\/\/www.prix-villegiature.com\/#website\"},\"datePublished\":\"2022-10-06T13:12:55+00:00\",\"dateModified\":\"2022-10-10T15:35:23+00:00\",\"description\":\"Informations de l'\u00e9tablissement: SORELL 22, rue Emeriau 75015 Paris - France +33 145796791 information@prix-villegiature.com &nbsp; Conception et\",\"breadcrumb\":{\"@id\":\"https:\/\/www.prix-villegiature.com\/en\/legal-notice\/#breadcrumb\"},\"inLanguage\":\"en-US\",\"potentialAction\":[{\"@type\":\"ReadAction\",\"target\":[\"https:\/\/www.prix-villegiature.com\/en\/legal-notice\/\"]}]},{\"@type\":\"BreadcrumbList\",\"@id\":\"https:\/\/www.prix-villegiature.com\/en\/legal-notice\/#breadcrumb\",\"itemListElement\":[{\"@type\":\"ListItem\",\"position\":1,\"name\":\"Home\",\"item\":\"https:\/\/www.prix-villegiature.com\/en\/\"},{\"@type\":\"ListItem\",\"position\":2,\"name\":\"Legal notice\"}]},{\"@type\":\"WebSite\",\"@id\":\"https:\/\/www.prix-villegiature.com\/#website\",\"url\":\"https:\/\/www.prix-villegiature.com\/\",\"name\":\"Prix Villegiature\",\"description\":\"Your SUPER-powered WP Engine Site\",\"publisher\":{\"@id\":\"https:\/\/www.prix-villegiature.com\/#organization\"},\"potentialAction\":[{\"@type\":\"SearchAction\",\"target\":{\"@type\":\"EntryPoint\",\"urlTemplate\":\"https:\/\/www.prix-villegiature.com\/?s={search_term_string}\"},\"query-input\":\"required name=search_term_string\"}],\"inLanguage\":\"en-US\"},{\"@type\":\"Organization\",\"@id\":\"https:\/\/www.prix-villegiature.com\/#organization\",\"name\":\"Prix Villegiature\",\"url\":\"https:\/\/www.prix-villegiature.com\/\",\"logo\":{\"@type\":\"ImageObject\",\"inLanguage\":\"en-US\",\"@id\":\"https:\/\/www.prix-villegiature.com\/#\/schema\/logo\/image\/\",\"url\":\"https:\/\/prixvillegiatu.wpengine.com\/wp-content\/uploads\/2022\/12\/Villegiature_Awards_Master_CARRE_fond_noir-OK.jpg\",\"contentUrl\":\"https:\/\/prixvillegiatu.wpengine.com\/wp-content\/uploads\/2022\/12\/Villegiature_Awards_Master_CARRE_fond_noir-OK.jpg\",\"width\":749,\"height\":750,\"caption\":\"Prix Villegiature\"},\"image\":{\"@id\":\"https:\/\/www.prix-villegiature.com\/#\/schema\/logo\/image\/\"},\"sameAs\":[\"https:\/\/www.facebook.com\/Villegiatureawards\/\",\"https:\/\/twitter.com\/remyLeL\",\"https:\/\/www.instagram.com\/villegiatureawards\/\"]}]}<\/script>\n<!-- \/ Yoast SEO plugin. -->","yoast_head_json":{"title":"Legal notice - Prix Villegiature","description":"Informations de l'\u00e9tablissement: SORELL 22, rue Emeriau 75015 Paris - France +33 145796791 information@prix-villegiature.com &nbsp; Conception et","robots":{"index":"index","follow":"follow","max-snippet":"max-snippet:-1","max-image-preview":"max-image-preview:large","max-video-preview":"max-video-preview:-1"},"canonical":"https:\/\/www.prix-villegiature.com\/en\/legal-notice\/","og_locale":"en_US","og_type":"article","og_title":"Legal notice - Prix Villegiature","og_description":"Informations de l'\u00e9tablissement: SORELL 22, rue Emeriau 75015 Paris - France +33 145796791 information@prix-villegiature.com &nbsp; Conception et","og_url":"https:\/\/www.prix-villegiature.com\/en\/legal-notice\/","og_site_name":"Prix Villegiature","article_publisher":"https:\/\/www.facebook.com\/Villegiatureawards\/","article_modified_time":"2022-10-10T15:35:23+00:00","twitter_card":"summary_large_image","twitter_site":"@remyLeL","twitter_misc":{"Est. reading time":"1 minute"},"schema":{"@context":"https:\/\/schema.org","@graph":[{"@type":"WebPage","@id":"https:\/\/www.prix-villegiature.com\/en\/legal-notice\/","url":"https:\/\/www.prix-villegiature.com\/en\/legal-notice\/","name":"Legal notice - Prix Villegiature","isPartOf":{"@id":"https:\/\/www.prix-villegiature.com\/#website"},"datePublished":"2022-10-06T13:12:55+00:00","dateModified":"2022-10-10T15:35:23+00:00","description":"Informations de l'\u00e9tablissement: SORELL 22, rue Emeriau 75015 Paris - France +33 145796791 information@prix-villegiature.com &nbsp; Conception et","breadcrumb":{"@id":"https:\/\/www.prix-villegiature.com\/en\/legal-notice\/#breadcrumb"},"inLanguage":"en-US","potentialAction":[{"@type":"ReadAction","target":["https:\/\/www.prix-villegiature.com\/en\/legal-notice\/"]}]},{"@type":"BreadcrumbList","@id":"https:\/\/www.prix-villegiature.com\/en\/legal-notice\/#breadcrumb","itemListElement":[{"@type":"ListItem","position":1,"name":"Home","item":"https:\/\/www.prix-villegiature.com\/en\/"},{"@type":"ListItem","position":2,"name":"Legal notice"}]},{"@type":"WebSite","@id":"https:\/\/www.prix-villegiature.com\/#website","url":"https:\/\/www.prix-villegiature.com\/","name":"Prix Villegiature","description":"Your SUPER-powered WP Engine Site","publisher":{"@id":"https:\/\/www.prix-villegiature.com\/#organization"},"potentialAction":[{"@type":"SearchAction","target":{"@type":"EntryPoint","urlTemplate":"https:\/\/www.prix-villegiature.com\/?s={search_term_string}"},"query-input":"required name=search_term_string"}],"inLanguage":"en-US"},{"@type":"Organization","@id":"https:\/\/www.prix-villegiature.com\/#organization","name":"Prix Villegiature","url":"https:\/\/www.prix-villegiature.com\/","logo":{"@type":"ImageObject","inLanguage":"en-US","@id":"https:\/\/www.prix-villegiature.com\/#\/schema\/logo\/image\/","url":"https:\/\/prixvillegiatu.wpengine.com\/wp-content\/uploads\/2022\/12\/Villegiature_Awards_Master_CARRE_fond_noir-OK.jpg","contentUrl":"https:\/\/prixvillegiatu.wpengine.com\/wp-content\/uploads\/2022\/12\/Villegiature_Awards_Master_CARRE_fond_noir-OK.jpg","width":749,"height":750,"caption":"Prix Villegiature"},"image":{"@id":"https:\/\/www.prix-villegiature.com\/#\/schema\/logo\/image\/"},"sameAs":["https:\/\/www.facebook.com\/Villegiatureawards\/","https:\/\/twitter.com\/remyLeL","https:\/\/www.instagram.com\/villegiatureawards\/"]}]}},"_links":{"self":[{"href":"https:\/\/www.prix-villegiature.com\/en\/wp-json\/wp\/v2\/pages\/4445"}],"collection":[{"href":"https:\/\/www.prix-villegiature.com\/en\/wp-json\/wp\/v2\/pages"}],"about":[{"href":"https:\/\/www.prix-villegiature.com\/en\/wp-json\/wp\/v2\/types\/page"}],"author":[{"embeddable":true,"href":"https:\/\/www.prix-villegiature.com\/en\/wp-json\/wp\/v2\/users\/41"}],"replies":[{"embeddable":true,"href":"https:\/\/www.prix-villegiature.com\/en\/wp-json\/wp\/v2\/comments?post=4445"}],"version-history":[{"count":0,"href":"https:\/\/www.prix-villegiature.com\/en\/wp-json\/wp\/v2\/pages\/4445\/revisions"}],"wp:attachment":[{"href":"https:\/\/www.prix-villegiature.com\/en\/wp-json\/wp\/v2\/media?parent=4445"}],"curies":[{"name":"wp","href":"https:\/\/api.w.org\/{rel}","templated":true}]}}