{"id":4117,"date":"2022-09-09T07:25:18","date_gmt":"2022-09-09T07:25:18","guid":{"rendered":"https:\/\/prixvillegiatu.wpengine.com\/temoignages\/"},"modified":"2022-10-10T15:05:10","modified_gmt":"2022-10-10T15:05:10","slug":"testimonials","status":"publish","type":"page","link":"https:\/\/www.prix-villegiature.com\/en\/testimonials\/","title":{"rendered":"Testimonials"},"content":{"rendered":"<ul>\n<li><strong><a href=\"https:\/\/vimeo.com\/314242461\">Morten Andersen<\/a><\/strong>\u00a0for\u00a0<a href=\"https:\/\/vimeo.com\/314242461\"><strong>Signiel<\/strong>\u00a0hotel<\/a>\u00a0(The Lotte Hotels &amp; Resorts top level brand) in Seoul,\u00a0 South-Korea\u00a0within a skycraper of 550 meters height<\/li>\n<li><strong><a href=\"https:\/\/vimeo.com\/314244105\">Jean-Michel Desnos<\/a><\/strong>, for hotel\u00a0<a href=\"https:\/\/vimeo.com\/314244105\"><strong>Le Place d\u2019Arme<\/strong>s<\/a>\u00a0, a Relais &amp; Chateaux in Luxembourg<\/li>\n<li><strong><a href=\"https:\/\/vimeo.com\/314245577\">Jihane Mamouri<\/a><\/strong>\u00a0, managing Global Sales &amp; Marketing at\u00a0<strong><a href=\"https:\/\/vimeo.com\/314245577\">Jumeirah<\/a>\u00a0<\/strong>hotels &amp; Resorts<\/li>\n<li><strong><a href=\"https:\/\/vimeo.com\/314255742\">Lotfi Sidirahal<\/a><\/strong>, Architect Atelier Pod founder for\u00a0<a href=\"https:\/\/vimeo.com\/314255742\"><strong>Anantara<\/strong>\u00a0Al Jabal Al Akhdar<\/a>\u00a0in Oman<\/li>\n<li><strong><a href=\"https:\/\/vimeo.com\/314257745\">Katarina Chrisikopoulou<\/a><\/strong>\u00a0for\u00a0<strong><a href=\"https:\/\/vimeo.com\/314257745\">Capsis Elite Resort<\/a>\u00a0,\u00a0<\/strong>a Preferred Hotel<strong>\u00a0<\/strong>in Greece and Ambassador of Greece in France<\/li>\n<li><strong><a href=\"https:\/\/vimeo.com\/314261595\">Mouna Ben Halima<\/a><\/strong>\u00a0for\u00a0<strong><a href=\"https:\/\/vimeo.com\/314261595\">La Badira<\/a><\/strong>\u00a0, a Leading Hotel of the World, in Tunisia and Ambassador of Tunisia in France<\/li>\n<li><a href=\"https:\/\/vimeo.com\/314268429\"><strong>Chantal Thomass<\/strong><\/a>\u00a0for Hotel\u00a0<strong><a href=\"https:\/\/vimeo.com\/314268429\">Vice &amp; Versa<\/a><\/strong>\u00a0in Paris France<\/li>\n<li><strong><a href=\"https:\/\/vimeo.com\/314272240\">Georges Ojeil<\/a>\u00a0<\/strong>for\u00a0<a href=\"https:\/\/vimeo.com\/314272240\"><strong>Le Gray<\/strong><\/a>\u00a0a Leading Hotel of the World in Beirut and Ambassador of Lebanon in France<\/li>\n<li><a href=\"https:\/\/vimeo.com\/314280751\"><strong>Ingrid Koeck<\/strong>\u00a0<\/a>for\u00a0<a href=\"https:\/\/vimeo.com\/314280751\"><strong>Torel AvantGarde<\/strong>\u00a0i<\/a>n Porto Portugal<\/li>\n<li><strong><a href=\"https:\/\/vimeo.com\/314288058\">Tanja Wegmann\u00a0<\/a><\/strong>for\u00a0<strong><a href=\"https:\/\/vimeo.com\/314288058\">Les Trois Rois<\/a>\u00a0<\/strong>a Leading Hotel of the World in Basel, Switzerland and Ambassador of Switzerland in France<\/li>\n<li><a href=\"https:\/\/vimeo.com\/314299144\"><strong>Fran\u00e7ois Delahaye<\/strong>\u00a0<\/a>for<a href=\"https:\/\/vimeo.com\/314299144\"><strong>\u00a0Dorchester Collection<\/strong><\/a><\/li>\n<li><strong><a href=\"https:\/\/vimeo.com\/314314048\">Franka Holtmann<\/a>\u00a0<\/strong>for\u00a0<strong><a href=\"https:\/\/vimeo.com\/314314048\">Le Meurice\u00a0<\/a><\/strong>Paris, France<strong><br \/>\n<\/strong><\/li>\n<\/ul>\n<hr \/>\n<p><em>Thank you for the prestigious Award.<\/em><br \/>\n<em>It was a great thrill to receive the Prix Villegiature particularly as the de Russie is a relatively young hotel.\u201d<\/em><\/p>\n<p><em><strong>Sir Rocco Forte, London, Oct. 2003<br \/>\nChairman, \u00a0<a href=\"https:\/\/www.roccofortehotels.com\/\">Rocco Forte Hotels<\/a><br \/>\n<a href=\"https:\/\/www.roccofortehotels.com\/fr\/hotels-and-resorts\/hotel-de-russie\/\">Hotel de Russie<\/a>,<br \/>\nBest Hotel in Europe 2003<\/strong><\/em><\/p>\n<hr \/>\n<p><em>\u201cWe are extremely honoured that Villegiature Awards has declared Brenner\u2019s Park hotel as Best Hotel Spa in Europe,<\/em><br \/>\n<em>it means a clear motivation for the teams but also a high responsabilty. It\u00a0 is also an incentive for new openings all over Europe.\u201d<\/em><\/p>\n<p><em><strong>Frank Marrenbach, Baden Baden, Oct. 2005<br \/>\nGeneral Manager\u00a0<a href=\"http:\/\/www.oetkercollection.com\/eng\/hotels\/brenners-park-hotel-spa\/discover\/\">Brenner\u2019s Park Hotel<\/a><br \/>\nC.E.O \u00a0<a href=\"http:\/\/www.oetkercollection.com\/\">Oetker Collection<\/a>\u00a0since 2008<\/strong><\/em><\/p>\n<p>&nbsp;<\/p>\n<hr \/>\n<p><em>\u00a0\u201dThe Costa Family thanks you and the whole jury for nominating Hotel La Perla for the Villegiature Awards 2008.<\/em>\u201d<\/p>\n<p><em><strong>Michil Costa, Corvara, Italia, Nov. 2008<br \/>\nOwner and General Manager\u00a0<a href=\"http:\/\/www.hotel-laperla.it\/\">Hotel La Perla<\/a><\/strong><\/em><\/p>\n<p>&nbsp;<\/p>\n<hr \/>\n<p><em>\u201cThe Villegiature Awards brought us fame and international recognition.\u201d<\/em><\/p>\n<p><strong>Fabien Noel, Sart\u00e8ne, Corsica France, May 2016<\/strong><br \/>\n<strong>Sales &amp; Marketing Manager at \u00a0<a href=\"http:\/\/www.murtoli.com\/\">DOMAINE de MURTOLI,\u00a0<\/a><\/strong><br \/>\n<strong>Best Resort in Europe 2010<\/strong><\/p>\n<p>&nbsp;<\/p>\n<hr \/>\n<p><em>\u201cQuelque soient les chiffres, statistiques et r\u00e9sultats concrets que nous aimons tous donner, comme le nombre de m\u00e8tres-carr\u00e9s de l\u2019Espace Nautique, du Spa du parc et des jardins, ce dont nous pourrions tous \u00eatre assez fiers, il est bien \u00e9vident que ce qui compte avant tout, ce sont l\u2019\u00e2me de la maison, la joie de tous \u00e0 y mettre de la vie et l\u2019engagement \u201ccorps et \u00e2me\u201d de l\u2019ensemble de notre personnel du matin au soir et du soir au matin. C\u2019est tout cela qui fait le Bareiss, en un mot ce sont les \u201cBareissiens\u201d. De plus, ils ne savent pas faire que cela. Ils sont capables de bien plus. Vous en avez \u00e9galement pris conscience en nous attribuant ce merveilleux Prix Villegiature dans cette cat\u00e9gorie \u00a0\u201dMeilleur accueil et service d\u2019h\u00f4tel en Europe\u201d . Cela Signifie entre les lignes, que nous sommes les meilleurs d\u2019Europe. Quelle magnifique distinction, quelle immense joie !<\/em><br \/>\n<em>Nous en sommes particuli\u00e8rement fiers. Au nom de mon fils Hannes Bareiss et de son \u00e9pouse Britta, je vous fais la promesse solennelle que nous allons, au quotidien, mettre tout en oeuvre afin de nous montrer dignes de cette distinction.\u201d<\/em><\/p>\n<p><em>\u201cCe sont les plus beaux prix que nous ayons re\u00e7us.\u201d<\/em><\/p>\n<p><strong>Hermann Bareiss, Mittletal, Jan. 2016<\/strong><br \/>\n<strong><a href=\"https:\/\/www.bareiss.com\/\">Hotel Bareiss<\/a>, Owner<br \/>\nBest Breakfast in a Hotel in Europe 2012<br \/>\nBest Service in a Hotel in Europe 2015<\/strong><\/p>\n<p><em>\u00a0<\/em><\/p>\n<hr \/>\n<p><em>\u201cThe journalists from important foreign medias at Villegiature Awards are essential, because they are the echo chamber of what we do every day\u201d<\/em><\/p>\n<p><strong>Fran\u00e7ois Delahaye, Oct.2017<\/strong><br \/>\n<strong>C.O.O at Dorchester Group owner of Hotel Eden Rome<a href=\"https:\/\/www.bareiss.com\/\"><br \/>\n<\/a>Best Hotel in Europe 2017<br \/>\nBest Hotel Terrace 2017\u00a0<\/strong><\/p>\n","protected":false},"excerpt":{"rendered":"<p>Morten Andersen\u00a0for\u00a0Signiel\u00a0hotel\u00a0(The Lotte Hotels &amp; Resorts top level brand) in Seoul,\u00a0 South-Korea\u00a0within a skycraper of 550 meters height Jean-Michel Desnos, for hotel\u00a0Le Place d\u2019Armes\u00a0, a Relais &amp; Chateaux in Luxembourg Jihane Mamouri\u00a0, managing Global Sales &amp; Marketing at\u00a0Jumeirah\u00a0hotels &amp; Resorts Lotfi Sidirahal, Architect Atelier Pod founder for\u00a0Anantara\u00a0Al Jabal Al Akhdar\u00a0in Oman Katarina Chrisikopoulou\u00a0for\u00a0Capsis Elite Resort\u00a0,\u00a0a [&hellip;]<\/p>\n","protected":false},"author":2,"featured_media":0,"parent":0,"menu_order":50,"comment_status":"closed","ping_status":"closed","template":"","meta":{"footnotes":""},"acf":[],"yoast_head":"<!-- This site is optimized with the Yoast SEO plugin v22.4 - https:\/\/yoast.com\/wordpress\/plugins\/seo\/ -->\n<title>Testimonials - Prix Villegiature<\/title>\n<meta name=\"description\" content=\"Morten Andersen\u00a0for\u00a0Signiel\u00a0hotel\u00a0(The Lotte Hotels &amp; Resorts top level brand) in Seoul,\u00a0 South-Korea\u00a0within a skycraper of 550 meters height\" \/>\n<meta name=\"robots\" content=\"index, follow, max-snippet:-1, max-image-preview:large, max-video-preview:-1\" \/>\n<link rel=\"canonical\" href=\"https:\/\/www.prix-villegiature.com\/en\/testimonials\/\" \/>\n<meta property=\"og:locale\" content=\"en_US\" \/>\n<meta property=\"og:type\" content=\"article\" \/>\n<meta property=\"og:title\" content=\"Testimonials - Prix Villegiature\" \/>\n<meta property=\"og:description\" content=\"Morten Andersen\u00a0for\u00a0Signiel\u00a0hotel\u00a0(The Lotte Hotels &amp; Resorts top level brand) in Seoul,\u00a0 South-Korea\u00a0within a skycraper of 550 meters height\" \/>\n<meta property=\"og:url\" content=\"https:\/\/www.prix-villegiature.com\/en\/testimonials\/\" \/>\n<meta property=\"og:site_name\" content=\"Prix Villegiature\" \/>\n<meta property=\"article:publisher\" content=\"https:\/\/www.facebook.com\/Villegiatureawards\/\" \/>\n<meta property=\"article:modified_time\" content=\"2022-10-10T15:05:10+00:00\" \/>\n<meta name=\"twitter:card\" content=\"summary_large_image\" \/>\n<meta name=\"twitter:site\" content=\"@remyLeL\" \/>\n<meta name=\"twitter:label1\" content=\"Est. reading time\" \/>\n\t<meta name=\"twitter:data1\" content=\"4 minutes\" \/>\n<script type=\"application\/ld+json\" class=\"yoast-schema-graph\">{\"@context\":\"https:\/\/schema.org\",\"@graph\":[{\"@type\":\"WebPage\",\"@id\":\"https:\/\/www.prix-villegiature.com\/en\/testimonials\/\",\"url\":\"https:\/\/www.prix-villegiature.com\/en\/testimonials\/\",\"name\":\"Testimonials - Prix Villegiature\",\"isPartOf\":{\"@id\":\"https:\/\/www.prix-villegiature.com\/#website\"},\"datePublished\":\"2022-09-09T07:25:18+00:00\",\"dateModified\":\"2022-10-10T15:05:10+00:00\",\"description\":\"Morten Andersen\u00a0for\u00a0Signiel\u00a0hotel\u00a0(The Lotte Hotels &amp; Resorts top level brand) in Seoul,\u00a0 South-Korea\u00a0within a skycraper of 550 meters height\",\"breadcrumb\":{\"@id\":\"https:\/\/www.prix-villegiature.com\/en\/testimonials\/#breadcrumb\"},\"inLanguage\":\"en-US\",\"potentialAction\":[{\"@type\":\"ReadAction\",\"target\":[\"https:\/\/www.prix-villegiature.com\/en\/testimonials\/\"]}]},{\"@type\":\"BreadcrumbList\",\"@id\":\"https:\/\/www.prix-villegiature.com\/en\/testimonials\/#breadcrumb\",\"itemListElement\":[{\"@type\":\"ListItem\",\"position\":1,\"name\":\"Home\",\"item\":\"https:\/\/www.prix-villegiature.com\/en\/\"},{\"@type\":\"ListItem\",\"position\":2,\"name\":\"Testimonials\"}]},{\"@type\":\"WebSite\",\"@id\":\"https:\/\/www.prix-villegiature.com\/#website\",\"url\":\"https:\/\/www.prix-villegiature.com\/\",\"name\":\"Prix Villegiature\",\"description\":\"Your SUPER-powered WP Engine Site\",\"publisher\":{\"@id\":\"https:\/\/www.prix-villegiature.com\/#organization\"},\"potentialAction\":[{\"@type\":\"SearchAction\",\"target\":{\"@type\":\"EntryPoint\",\"urlTemplate\":\"https:\/\/www.prix-villegiature.com\/?s={search_term_string}\"},\"query-input\":\"required name=search_term_string\"}],\"inLanguage\":\"en-US\"},{\"@type\":\"Organization\",\"@id\":\"https:\/\/www.prix-villegiature.com\/#organization\",\"name\":\"Prix Villegiature\",\"url\":\"https:\/\/www.prix-villegiature.com\/\",\"logo\":{\"@type\":\"ImageObject\",\"inLanguage\":\"en-US\",\"@id\":\"https:\/\/www.prix-villegiature.com\/#\/schema\/logo\/image\/\",\"url\":\"https:\/\/prixvillegiatu.wpengine.com\/wp-content\/uploads\/2022\/12\/Villegiature_Awards_Master_CARRE_fond_noir-OK.jpg\",\"contentUrl\":\"https:\/\/prixvillegiatu.wpengine.com\/wp-content\/uploads\/2022\/12\/Villegiature_Awards_Master_CARRE_fond_noir-OK.jpg\",\"width\":749,\"height\":750,\"caption\":\"Prix Villegiature\"},\"image\":{\"@id\":\"https:\/\/www.prix-villegiature.com\/#\/schema\/logo\/image\/\"},\"sameAs\":[\"https:\/\/www.facebook.com\/Villegiatureawards\/\",\"https:\/\/twitter.com\/remyLeL\",\"https:\/\/www.instagram.com\/villegiatureawards\/\"]}]}<\/script>\n<!-- \/ Yoast SEO plugin. -->","yoast_head_json":{"title":"Testimonials - Prix Villegiature","description":"Morten Andersen\u00a0for\u00a0Signiel\u00a0hotel\u00a0(The Lotte Hotels &amp; Resorts top level brand) in Seoul,\u00a0 South-Korea\u00a0within a skycraper of 550 meters height","robots":{"index":"index","follow":"follow","max-snippet":"max-snippet:-1","max-image-preview":"max-image-preview:large","max-video-preview":"max-video-preview:-1"},"canonical":"https:\/\/www.prix-villegiature.com\/en\/testimonials\/","og_locale":"en_US","og_type":"article","og_title":"Testimonials - Prix Villegiature","og_description":"Morten Andersen\u00a0for\u00a0Signiel\u00a0hotel\u00a0(The Lotte Hotels &amp; Resorts top level brand) in Seoul,\u00a0 South-Korea\u00a0within a skycraper of 550 meters height","og_url":"https:\/\/www.prix-villegiature.com\/en\/testimonials\/","og_site_name":"Prix Villegiature","article_publisher":"https:\/\/www.facebook.com\/Villegiatureawards\/","article_modified_time":"2022-10-10T15:05:10+00:00","twitter_card":"summary_large_image","twitter_site":"@remyLeL","twitter_misc":{"Est. reading time":"4 minutes"},"schema":{"@context":"https:\/\/schema.org","@graph":[{"@type":"WebPage","@id":"https:\/\/www.prix-villegiature.com\/en\/testimonials\/","url":"https:\/\/www.prix-villegiature.com\/en\/testimonials\/","name":"Testimonials - Prix Villegiature","isPartOf":{"@id":"https:\/\/www.prix-villegiature.com\/#website"},"datePublished":"2022-09-09T07:25:18+00:00","dateModified":"2022-10-10T15:05:10+00:00","description":"Morten Andersen\u00a0for\u00a0Signiel\u00a0hotel\u00a0(The Lotte Hotels &amp; Resorts top level brand) in Seoul,\u00a0 South-Korea\u00a0within a skycraper of 550 meters height","breadcrumb":{"@id":"https:\/\/www.prix-villegiature.com\/en\/testimonials\/#breadcrumb"},"inLanguage":"en-US","potentialAction":[{"@type":"ReadAction","target":["https:\/\/www.prix-villegiature.com\/en\/testimonials\/"]}]},{"@type":"BreadcrumbList","@id":"https:\/\/www.prix-villegiature.com\/en\/testimonials\/#breadcrumb","itemListElement":[{"@type":"ListItem","position":1,"name":"Home","item":"https:\/\/www.prix-villegiature.com\/en\/"},{"@type":"ListItem","position":2,"name":"Testimonials"}]},{"@type":"WebSite","@id":"https:\/\/www.prix-villegiature.com\/#website","url":"https:\/\/www.prix-villegiature.com\/","name":"Prix Villegiature","description":"Your SUPER-powered WP Engine Site","publisher":{"@id":"https:\/\/www.prix-villegiature.com\/#organization"},"potentialAction":[{"@type":"SearchAction","target":{"@type":"EntryPoint","urlTemplate":"https:\/\/www.prix-villegiature.com\/?s={search_term_string}"},"query-input":"required name=search_term_string"}],"inLanguage":"en-US"},{"@type":"Organization","@id":"https:\/\/www.prix-villegiature.com\/#organization","name":"Prix Villegiature","url":"https:\/\/www.prix-villegiature.com\/","logo":{"@type":"ImageObject","inLanguage":"en-US","@id":"https:\/\/www.prix-villegiature.com\/#\/schema\/logo\/image\/","url":"https:\/\/prixvillegiatu.wpengine.com\/wp-content\/uploads\/2022\/12\/Villegiature_Awards_Master_CARRE_fond_noir-OK.jpg","contentUrl":"https:\/\/prixvillegiatu.wpengine.com\/wp-content\/uploads\/2022\/12\/Villegiature_Awards_Master_CARRE_fond_noir-OK.jpg","width":749,"height":750,"caption":"Prix Villegiature"},"image":{"@id":"https:\/\/www.prix-villegiature.com\/#\/schema\/logo\/image\/"},"sameAs":["https:\/\/www.facebook.com\/Villegiatureawards\/","https:\/\/twitter.com\/remyLeL","https:\/\/www.instagram.com\/villegiatureawards\/"]}]}},"_links":{"self":[{"href":"https:\/\/www.prix-villegiature.com\/en\/wp-json\/wp\/v2\/pages\/4117"}],"collection":[{"href":"https:\/\/www.prix-villegiature.com\/en\/wp-json\/wp\/v2\/pages"}],"about":[{"href":"https:\/\/www.prix-villegiature.com\/en\/wp-json\/wp\/v2\/types\/page"}],"author":[{"embeddable":true,"href":"https:\/\/www.prix-villegiature.com\/en\/wp-json\/wp\/v2\/users\/2"}],"replies":[{"embeddable":true,"href":"https:\/\/www.prix-villegiature.com\/en\/wp-json\/wp\/v2\/comments?post=4117"}],"version-history":[{"count":0,"href":"https:\/\/www.prix-villegiature.com\/en\/wp-json\/wp\/v2\/pages\/4117\/revisions"}],"wp:attachment":[{"href":"https:\/\/www.prix-villegiature.com\/en\/wp-json\/wp\/v2\/media?parent=4117"}],"curies":[{"name":"wp","href":"https:\/\/api.w.org\/{rel}","templated":true}]}}